{"id":61,"date":"2015-03-02T04:38:49","date_gmt":"2015-03-02T02:38:49","guid":{"rendered":"http:\/\/structure.thememove.com\/01\/?page_id=61"},"modified":"2019-11-18T11:00:42","modified_gmt":"2019-11-18T08:00:42","slug":"hakkimizda","status":"publish","type":"page","link":"http:\/\/www.elitagro.com.tr\/en\/hakkimizda\/","title":{"rendered":"ABOUT US"},"content":{"rendered":"<p>[vc_row css=&#8221;.vc_custom_1432547512827{margin-bottom: 50px !important;}&#8221;][vc_column width=&#8221;1\/4&#8243;][vc_widget_sidebar sidebar_id=&#8221;sidebar&#8221;][\/vc_column][vc_column width=&#8221;3\/4&#8243;][vc_custom_heading text=&#8221;ABOUT US&#8221; font_container=&#8221;tag:h3|text_align:left&#8221; el_class=&#8221;heading-title-2&#8243;][vc_single_image image=&#8221;74739&#8243; img_size=&#8221;full&#8221;][vc_empty_space height=&#8221;15px&#8221;][vc_column_text]Our company, which attaches great importance to corporate governance and takes into account the importance of institutionalization in world trade; has become an effective organization in the fields of supply, production, storage and trade with an honest, visionary and hard-working perspective the Middle East and the North African region (MENA) by making the necessary infrastructure arrangements quickly and properly.<\/p>\n<p>&#8211; Understanding of operational excellence,<\/p>\n<p>&#8211; Effective risk management,<\/p>\n<p>&#8211; Unconditional customer satisfaction,<\/p>\n<p>&#8211; With its expert and dynamic human resources;<\/p>\n<p>In order to increase its exports in the competitive world market, EL\u0130T AGRO GIDA SANAY\u0130 ve T\u0130CARET A. \u015e. has made great strides towards becoming a continuously rising company. Our company shows it is a reliable supplier company with a wide product range approximately 180 products which keeps supply chain in pulses, cereals, nuts and dried fruits, feed, oilseeds, olive oil and edible nuts, sesame, tahina, pickle etc.<\/p>\n<p>EL\u0130T AGRO GIDA SANAY\u0130 ve T\u0130CARET A. \u015e. has became a brand by its international transit trade and direct export with Middle East and North African(MENA) region with its headquarters in Gaziantep and Mersin.[\/vc_column_text][vc_empty_space height=&#8221;25px&#8221;][vc_row_inner][vc_column_inner width=&#8221;1\/2&#8243;][vc_custom_heading text=&#8221;OUR MISSION&#8221; font_container=&#8221;tag:h3|text_align:left&#8221; el_class=&#8221;heading-title-2&#8243;][vc_single_image image=&#8221;74757&#8243; img_size=&#8221;full&#8221;][vc_column_text]To be a reliable company that provides the flow between supplier and consumer by the right place and time supply of agricultural products which has been the main source of life since the beginning of civilizations with correct logistics strategy, fast operational service.[\/vc_column_text][\/vc_column_inner][vc_column_inner width=&#8221;1\/2&#8243;][vc_custom_heading text=&#8221;OUR VISION&#8221; font_container=&#8221;tag:h3|text_align:left&#8221; el_class=&#8221;heading-title-2&#8243;][vc_single_image image=&#8221;74759&#8243; img_size=&#8221;full&#8221;][vc_column_text]To provide the sustainable supply chain by providing the products and services that our customers need with our expert team in their fields.[\/vc_column_text][\/vc_column_inner][\/vc_row_inner][vc_empty_space height=&#8221;25px&#8221;][vc_custom_heading text=&#8221;OUR VALUES&#8221; font_container=&#8221;tag:h3|text_align:left&#8221; el_class=&#8221;heading-title-2&#8243;][vc_tta_accordion style=&#8221;modern&#8221; active_section=&#8221;1&#8243;][vc_tta_section title=&#8221;Honesty &#8221; tab_id=&#8221;1467114834985-27682969-0451&#8243;][vc_column_text]<\/p>\n<div class=\"panel panel-default\">\n<div id=\"collapse-3q29sui4ldb7\" class=\"panel-collapse in collapse\">\n<div class=\"panel-body\">\n<p>Honesty and accuracy\u201d is the center of our business.<\/p>\n<\/div>\n<\/div>\n<\/div>\n<p>[\/vc_column_text][\/vc_tta_section][vc_tta_section title=&#8221;Trust&#8221; tab_id=&#8221;1467114835075-8779a26e-84b0&#8243;][vc_column_text]<\/p>\n<div class=\"panel panel-default\">\n<div id=\"collapse-3q2ib3y8xjtv\" class=\"panel-collapse in collapse\">\n<div class=\"panel-body\">\n<p>We emphasize the importance of working with confidence in all our suppliers and customers in our business.<\/p>\n<\/div>\n<\/div>\n<\/div>\n<p>[\/vc_column_text][\/vc_tta_section][vc_tta_section title=&#8221;Cooperative&#8221; tab_id=&#8221;1467115076695-620d7362-e576&#8243;][vc_column_text]<\/p>\n<div class=\"panel panel-default\">\n<div id=\"collapse-wsh3qxr8dpe\" class=\"panel-collapse in collapse\">\n<div class=\"panel-body\">\n<p>We believe that we will grow our business partners, suppliers and customers by equal and fair sharing.<\/p>\n<\/div>\n<\/div>\n<\/div>\n<p>[\/vc_column_text][\/vc_tta_section][vc_tta_section title=&#8221;Transparency&#8221; tab_id=&#8221;1467115120683-d7f62295-ace5&#8243;][vc_column_text]<\/p>\n<div class=\"panel panel-default\">\n<div id=\"collapse-wsnu7f0o0v6\" class=\"panel-collapse in collapse\">\n<div class=\"panel-body\">\n<p>We believe in transparency is necessary to be measured and evaluated.<\/p>\n<\/div>\n<\/div>\n<\/div>\n<p>[\/vc_column_text][\/vc_tta_section][vc_tta_section title=&#8221;Hardworking and Dynamic&#8221; tab_id=&#8221;1467115157179-b461f81f-c9f7&#8243;][vc_column_text]<\/p>\n<div id=\"accordion-wpmnu64zp7m\" class=\"panel-group st-accordion\">\n<div class=\"panel panel-default\">\n<div id=\"collapse-wsu7wi3x5r6\" class=\"panel-collapse in collapse\">\n<div class=\"panel-body\">\n<p>We know that a successful supply chain is achieved through a hard-working and dynamic organization.<\/p>\n<\/div>\n<\/div>\n<\/div>\n<\/div>\n<p>[\/vc_column_text][\/vc_tta_section][\/vc_tta_accordion][vc_column_text]It is EL\u0130T AGRO GIDA SANAY\u0130 ve T\u0130CARET A. \u015e.\u2019s basic responsibility to constantly improve the quality of each area in the guideline of our customers&#8217; needs and expectations.<\/p>\n<p>We share this responsibility with EL\u0130T AGRO GIDA SANAY\u0130 ve T\u0130CARET A. \u015e.\u2019s;<\/p>\n<p>&#8211; Members<\/p>\n<p>&#8211; Customers<\/p>\n<p>&#8211; Partners<\/p>\n<p><strong>While fulfilling this responsibility, we will; <\/strong><\/p>\n<p>&#8211; We will meet our customers&#8217; needs and expectations,<\/p>\n<p>&#8211; We will invest in people for qualified, conscious individuals who have quality-conscious<\/p>\n<p>&#8211; We will be a pioneer of our business partners with modern, dynamic and innovative structure,<\/p>\n<p>&#8211; We will fully meet the legal and regulatory requirements,<\/p>\n<p>&#8211; We will continuously improve the performance of our quality management system.[\/vc_column_text][vc_single_image image=&#8221;75406&#8243; img_size=&#8221;full&#8221;][\/vc_column][\/vc_row]<\/p>","protected":false},"excerpt":{"rendered":"<p>[vc_row css=&#8221;.vc_custom_1432547512827{margin-bottom: 50px !important;}&#8221;][vc_column width=&#8221;1\/4&#8243;][vc_widget_sidebar sidebar_id=&#8221;sidebar&#8221;][\/vc_column][vc_column width=&#8221;3\/4&#8243;][vc_custom_heading text=&#8221;ABOUT US&#8221; font_container=&#8221;tag:h3|text_align:left&#8221; el_class=&#8221;heading-title-2&#8243;][vc_single_image image=&#8221;74739&#8243; img_size=&#8221;full&#8221;][vc_empty_space height=&#8221;15px&#8221;][vc_column_text]Our company, which attaches great importance to corporate governance and takes into account the importance of institutionalization in world trade; has become an effective organization in the fields of supply, production, storage and trade with an honest, visionary and hard-working perspective the [&hellip;]<\/p>\n","protected":false},"author":2,"featured_media":0,"parent":0,"menu_order":0,"comment_status":"closed","ping_status":"closed","template":"","meta":{"footnotes":""},"class_list":["post-61","page","type-page","status-publish","hentry"],"_links":{"self":[{"href":"http:\/\/www.elitagro.com.tr\/en\/wp-json\/wp\/v2\/pages\/61","targetHints":{"allow":["GET"]}}],"collection":[{"href":"http:\/\/www.elitagro.com.tr\/en\/wp-json\/wp\/v2\/pages"}],"about":[{"href":"http:\/\/www.elitagro.com.tr\/en\/wp-json\/wp\/v2\/types\/page"}],"author":[{"embeddable":true,"href":"http:\/\/www.elitagro.com.tr\/en\/wp-json\/wp\/v2\/users\/2"}],"replies":[{"embeddable":true,"href":"http:\/\/www.elitagro.com.tr\/en\/wp-json\/wp\/v2\/comments?post=61"}],"version-history":[{"count":32,"href":"http:\/\/www.elitagro.com.tr\/en\/wp-json\/wp\/v2\/pages\/61\/revisions"}],"predecessor-version":[{"id":75519,"href":"http:\/\/www.elitagro.com.tr\/en\/wp-json\/wp\/v2\/pages\/61\/revisions\/75519"}],"wp:attachment":[{"href":"http:\/\/www.elitagro.com.tr\/en\/wp-json\/wp\/v2\/media?parent=61"}],"curies":[{"name":"wp","href":"https:\/\/api.w.org\/{rel}","templated":true}]}}