{"id":72000,"date":"2015-03-03T10:37:26","date_gmt":"2015-03-03T08:37:26","guid":{"rendered":"http:\/\/structure.thememove.com\/01\/?page_id=175"},"modified":"2023-07-11T14:50:44","modified_gmt":"2023-07-11T11:50:44","slug":"anasayfa","status":"publish","type":"page","link":"http:\/\/www.elitagro.com.tr\/en\/","title":{"rendered":"HOME"},"content":{"rendered":"<p>[vc_row type=&#8221;full_width&#8221;][vc_column][vc_column_text][\/vc_column_text][\/vc_column][\/vc_row][vc_row][vc_column][vc_empty_space height=&#8221;50&#8243;][\/vc_column][\/vc_row][vc_row][vc_column width=&#8221;1\/6&#8243;][vc_single_image image=&#8221;75213&#8243; img_size=&#8221;500&#215;500&#8243; onclick=&#8221;custom_link&#8221; css_animation=&#8221;top-to-bottom&#8221; link=&#8221;http:\/\/www.elitagro.com.tr\/bakliyat\/&#8221;][vc_custom_heading text=&#8221;LEGUMES&#8221; font_container=&#8221;tag:h2|text_align:center|color:%23ddb320&#8243; link=&#8221;url:http%3A%2F%2Fwww.elitagro.com.tr%2Fbakliyat%2F||&#8221; css=&#8221;.vc_custom_1688453013232{margin-top: 8px !important;}&#8221;][\/vc_column][vc_column width=&#8221;1\/6&#8243;][vc_single_image image=&#8221;75009&#8243; img_size=&#8221;500&#215;500&#8243; onclick=&#8221;custom_link&#8221; css_animation=&#8221;top-to-bottom&#8221; link=&#8221;http:\/\/www.elitagro.com.tr\/75154-2\/&#8221;][vc_custom_heading text=&#8221;DRY FRUIT&#8221; font_container=&#8221;tag:h2|text_align:center|color:%23ddb320&#8243; link=&#8221;url:http%3A%2F%2Fwww.elitagro.com.tr%2F75154-2%2F||&#8221; css=&#8221;.vc_custom_1688453023562{margin-top: 8px !important;}&#8221;][\/vc_column][vc_column width=&#8221;1\/6&#8243;][vc_single_image image=&#8221;75612&#8243; img_size=&#8221;165&#215;165&#8243; alignment=&#8221;center&#8221; onclick=&#8221;custom_link&#8221; css_animation=&#8221;top-to-bottom&#8221; link=&#8221;http:\/\/www.elitagro.com.tr\/baharatlar\/&#8221;][vc_custom_heading text=&#8221;SPICES&#8221; font_container=&#8221;tag:h2|text_align:left|color:%23ddb320&#8243; link=&#8221;url:http%3A%2F%2Fwww.elitagro.com.tr%2Fbaharatlar%2F||&#8221;][\/vc_column][vc_column width=&#8221;1\/6&#8243;][vc_single_image image=&#8221;74907&#8243; img_size=&#8221;500&#215;500&#8243; onclick=&#8221;custom_link&#8221; css_animation=&#8221;top-to-bottom&#8221; link=&#8221; http:\/\/www.elitagro.com.tr\/yaglar\/&#8221;][vc_custom_heading text=&#8221;OILS&#8221; font_container=&#8221;tag:h2|text_align:left|color:%23ddb320&#8243; link=&#8221;url:%20http%3A%2F%2Fwww.elitagro.com.tr%2Fyaglar%2F||&#8221;][\/vc_column][vc_column width=&#8221;1\/6&#8243;][vc_single_image image=&#8221;75215&#8243; img_size=&#8221;500&#215;500&#8243; onclick=&#8221;custom_link&#8221; css_animation=&#8221;top-to-bottom&#8221; link=&#8221;http:\/\/www.elitagro.com.tr\/tahil\/&#8221;][vc_custom_heading text=&#8221;GRAIN&#8221; font_container=&#8221;tag:h2|text_align:center|color:%23ddb320&#8243; link=&#8221;url:http%3A%2F%2Fwww.elitagro.com.tr%2Ftahil%2F||&#8221; css=&#8221;.vc_custom_1688453053589{margin-top: 8px !important;}&#8221;][\/vc_column][vc_column width=&#8221;1\/6&#8243;][vc_single_image image=&#8221;74906&#8243; img_size=&#8221;500&#215;500&#8243; onclick=&#8221;custom_link&#8221; css_animation=&#8221;top-to-bottom&#8221; link=&#8221;http:\/\/www.elitagro.com.tr\/diger-urunler\/&#8221;][vc_custom_heading text=&#8221;OTHER PRODUCTS&#8221; font_container=&#8221;tag:h2|text_align:center|color:%23ddb320&#8243; link=&#8221;url:http%3A%2F%2Fwww.elitagro.com.tr%2Fdiger-urunler%2F||&#8221; css=&#8221;.vc_custom_1688453065047{margin-top: 8px !important;}&#8221;][\/vc_column][\/vc_row][vc_row el_class=&#8221;align-center services&#8221; css=&#8221;.vc_custom_1433409705059{padding-top: 70px !important;padding-bottom: 70px !important;}&#8221;][vc_column][vc_row_inner][vc_column_inner width=&#8221;1\/3&#8243;][vc_icon icon_fontawesome=&#8221;fa fa-hand-rock-o&#8221; color=&#8221;white&#8221; background_style=&#8221;boxed&#8221; background_color=&#8221;custom&#8221; size=&#8221;lg&#8221; align=&#8221;center&#8221; custom_background_color=&#8221;#ddb320&#8243; el_class=&#8221;icon-bg&#8221;][vc_column_text]<\/p>\n<h3>About Us<\/h3>\n<p>Our company, which attaches great importance to corporate governance and takes into account the importance of institutionalization in world trade; has become an effective organization in the fields of supply[\/vc_column_text][vc_button2 title=&#8221;READ MORE&#8221; style=&#8221;square&#8221; color=&#8221;white&#8221; background_color=&#8221;#ffffff&#8221; background_color_hover=&#8221;#e30613&#8243; text_color=&#8221;#bbbbbb&#8221; text_color_hover=&#8221;#ffffff&#8221; border_color=&#8221;#cccccc&#8221; border_color_hover=&#8221;#262d80&#8243; link=&#8221;url:http%3A%2F%2Fwww.elitagro.com.tr%2Fhakkimizda%2F||&#8221;][\/vc_column_inner][vc_column_inner width=&#8221;1\/3&#8243;][vc_icon icon_fontawesome=&#8221;fa fa-star&#8221; color=&#8221;white&#8221; background_style=&#8221;boxed&#8221; background_color=&#8221;custom&#8221; size=&#8221;lg&#8221; align=&#8221;center&#8221; custom_background_color=&#8221;#ddb320&#8243; el_class=&#8221;icon-bg&#8221;][vc_column_text]<\/p>\n<h3>Our Values<\/h3>\n<p>It is EL\u0130T AGRO GIDA SANAY\u0130 ve T\u0130CARET A. \u015e.\u2019s basic responsibility to constantly improve the quality of each area in the guideline of our customers\u2019 needs and expectations.[\/vc_column_text][vc_button2 title=&#8221;READ MORE&#8221; style=&#8221;square&#8221; color=&#8221;white&#8221; background_color=&#8221;#ffffff&#8221; background_color_hover=&#8221;#e30613&#8243; text_color=&#8221;#bbbbbb&#8221; text_color_hover=&#8221;#ffffff&#8221; border_color=&#8221;#cccccc&#8221; border_color_hover=&#8221;#262d80&#8243; link=&#8221;url:http%3A%2F%2Fwww.elitagro.com.tr%2Fdegerlerimiz%2F||&#8221;][\/vc_column_inner][vc_column_inner width=&#8221;1\/3&#8243;][vc_icon icon_fontawesome=&#8221;fa fa-child&#8221; color=&#8221;white&#8221; background_style=&#8221;boxed&#8221; background_color=&#8221;custom&#8221; size=&#8221;lg&#8221; align=&#8221;center&#8221; custom_background_color=&#8221;#ddb320&#8243; el_class=&#8221;icon-bg&#8221;][vc_column_text]<\/p>\n<h3><strong>Our Quality Policy<\/strong><\/h3>\n<p>M\u00fc\u015fterilerimizin ihtiya\u00e7lar\u0131n\u0131 kar\u015f\u0131layarak m\u00fc\u015fteri memnuniyeti nin s\u00fcreklili\u011fini garanti etmek ve memnuniyet oran\u0131n\u0131 artt\u0131rmak.[\/vc_column_text][vc_button2 title=&#8221;READ MORE&#8221; style=&#8221;square&#8221; color=&#8221;white&#8221; background_color=&#8221;#ffffff&#8221; background_color_hover=&#8221;#e30613&#8243; text_color=&#8221;#bbbbbb&#8221; text_color_hover=&#8221;#ffffff&#8221; border_color=&#8221;#cccccc&#8221; border_color_hover=&#8221;#262d80&#8243; link=&#8221;url:http%3A%2F%2Fwww.elitagro.com.tr%2Fkalite-politikamiz%2F||&#8221;][\/vc_column_inner][\/vc_row_inner][\/vc_column][\/vc_row]<\/p>","protected":false},"excerpt":{"rendered":"<p>[vc_row type=&#8221;full_width&#8221;][vc_column][vc_column_text][\/vc_column_text][\/vc_column][\/vc_row][vc_row][vc_column][vc_empty_space height=&#8221;50&#8243;][\/vc_column][\/vc_row][vc_row][vc_column width=&#8221;1\/6&#8243;][vc_single_image image=&#8221;75213&#8243; img_size=&#8221;500&#215;500&#8243; onclick=&#8221;custom_link&#8221; css_animation=&#8221;top-to-bottom&#8221; link=&#8221;http:\/\/www.elitagro.com.tr\/bakliyat\/&#8221;][vc_custom_heading text=&#8221;LEGUMES&#8221; font_container=&#8221;tag:h2|text_align:center|color:%23ddb320&#8243; link=&#8221;url:http%3A%2F%2Fwww.elitagro.com.tr%2Fbakliyat%2F||&#8221; css=&#8221;.vc_custom_1688453013232{margin-top: 8px !important;}&#8221;][\/vc_column][vc_column width=&#8221;1\/6&#8243;][vc_single_image image=&#8221;75009&#8243; img_size=&#8221;500&#215;500&#8243; onclick=&#8221;custom_link&#8221; css_animation=&#8221;top-to-bottom&#8221; link=&#8221;http:\/\/www.elitagro.com.tr\/75154-2\/&#8221;][vc_custom_heading text=&#8221;DRY FRUIT&#8221; font_container=&#8221;tag:h2|text_align:center|color:%23ddb320&#8243; link=&#8221;url:http%3A%2F%2Fwww.elitagro.com.tr%2F75154-2%2F||&#8221; css=&#8221;.vc_custom_1688453023562{margin-top: 8px !important;}&#8221;][\/vc_column][vc_column width=&#8221;1\/6&#8243;][vc_single_image image=&#8221;75612&#8243; img_size=&#8221;165&#215;165&#8243; alignment=&#8221;center&#8221; onclick=&#8221;custom_link&#8221; css_animation=&#8221;top-to-bottom&#8221; link=&#8221;http:\/\/www.elitagro.com.tr\/baharatlar\/&#8221;][vc_custom_heading text=&#8221;SPICES&#8221; font_container=&#8221;tag:h2|text_align:left|color:%23ddb320&#8243; link=&#8221;url:http%3A%2F%2Fwww.elitagro.com.tr%2Fbaharatlar%2F||&#8221;][\/vc_column][vc_column width=&#8221;1\/6&#8243;][vc_single_image image=&#8221;74907&#8243; img_size=&#8221;500&#215;500&#8243; onclick=&#8221;custom_link&#8221; css_animation=&#8221;top-to-bottom&#8221; link=&#8221; http:\/\/www.elitagro.com.tr\/yaglar\/&#8221;][vc_custom_heading text=&#8221;OILS&#8221; font_container=&#8221;tag:h2|text_align:left|color:%23ddb320&#8243; link=&#8221;url:%20http%3A%2F%2Fwww.elitagro.com.tr%2Fyaglar%2F||&#8221;][\/vc_column][vc_column width=&#8221;1\/6&#8243;][vc_single_image image=&#8221;75215&#8243; img_size=&#8221;500&#215;500&#8243; onclick=&#8221;custom_link&#8221; css_animation=&#8221;top-to-bottom&#8221; link=&#8221;http:\/\/www.elitagro.com.tr\/tahil\/&#8221;][vc_custom_heading text=&#8221;GRAIN&#8221; [&hellip;]<\/p>\n","protected":false},"author":2,"featured_media":0,"parent":0,"menu_order":0,"comment_status":"closed","ping_status":"closed","template":"","meta":{"footnotes":""},"class_list":["post-72000","page","type-page","status-publish","hentry"],"_links":{"self":[{"href":"http:\/\/www.elitagro.com.tr\/en\/wp-json\/wp\/v2\/pages\/72000","targetHints":{"allow":["GET"]}}],"collection":[{"href":"http:\/\/www.elitagro.com.tr\/en\/wp-json\/wp\/v2\/pages"}],"about":[{"href":"http:\/\/www.elitagro.com.tr\/en\/wp-json\/wp\/v2\/types\/page"}],"author":[{"embeddable":true,"href":"http:\/\/www.elitagro.com.tr\/en\/wp-json\/wp\/v2\/users\/2"}],"replies":[{"embeddable":true,"href":"http:\/\/www.elitagro.com.tr\/en\/wp-json\/wp\/v2\/comments?post=72000"}],"version-history":[{"count":178,"href":"http:\/\/www.elitagro.com.tr\/en\/wp-json\/wp\/v2\/pages\/72000\/revisions"}],"predecessor-version":[{"id":75844,"href":"http:\/\/www.elitagro.com.tr\/en\/wp-json\/wp\/v2\/pages\/72000\/revisions\/75844"}],"wp:attachment":[{"href":"http:\/\/www.elitagro.com.tr\/en\/wp-json\/wp\/v2\/media?parent=72000"}],"curies":[{"name":"wp","href":"https:\/\/api.w.org\/{rel}","templated":true}]}}