{"id":74679,"date":"2016-06-27T23:44:41","date_gmt":"2016-06-27T20:44:41","guid":{"rendered":"http:\/\/bayeksagro.com.tr\/2016\/?page_id=74679"},"modified":"2020-06-25T14:55:42","modified_gmt":"2020-06-25T11:55:42","slug":"sirket-bilgilerimiz","status":"publish","type":"page","link":"http:\/\/www.elitagro.com.tr\/en\/sirket-bilgilerimiz\/","title":{"rendered":"COMPANY INFO"},"content":{"rendered":"<p>[vc_row][vc_column width=&#8221;1\/4&#8243;][vc_widget_sidebar sidebar_id=&#8221;sidebar&#8221;][\/vc_column][vc_column width=&#8221;3\/4&#8243;][vc_empty_space height=&#8221;7px&#8221;][vc_custom_heading text=&#8221;COMPANY INFO&#8221; font_container=&#8221;tag:h3|text_align:left&#8221; el_class=&#8221;heading-title-2&#8243;][vc_column_text]<\/p>\n<table class=\"table table-hover table-bordered table-striped\">\n<thead>\n<tr>\n<th>LEGAL TITLE<\/th>\n<th>Elit Agro G\u0131da Sanayi ve Ticaret Anonim \u015eirketi<\/th>\n<\/tr>\n<\/thead>\n<tbody>\n<tr>\n<td>Commercial Registration No.<\/td>\n<td>56461<\/td>\n<\/tr>\n<tr>\n<td>Headquarter address:<\/td>\n<td>G\u00fcvenevler Mah. 29014 Nolu Cad.<br \/>\nNo: 43\/A 27560 \u015eehitkamil \u2013 GAZ\u0130ANTEP \/ TURKEY<\/td>\n<\/tr>\n<tr>\n<td>Phone \/ Fax<\/td>\n<td>+90 342 321 14 14 (Pbx)<\/td>\n<\/tr>\n<tr>\n<td>Tax Office<\/td>\n<td>\u015eAH\u0130NBEY<\/td>\n<\/tr>\n<tr>\n<td>Tax ID<\/td>\n<td>3321007991<\/td>\n<\/tr>\n<tr>\n<td>Factory and Warehouse<\/td>\n<td>Gaziantep<\/td>\n<\/tr>\n<\/tbody>\n<\/table>\n<p>[\/vc_column_text][\/vc_column][\/vc_row]<\/p>","protected":false},"excerpt":{"rendered":"<p>[vc_row][vc_column width=&#8221;1\/4&#8243;][vc_widget_sidebar sidebar_id=&#8221;sidebar&#8221;][\/vc_column][vc_column width=&#8221;3\/4&#8243;][vc_empty_space height=&#8221;7px&#8221;][vc_custom_heading text=&#8221;COMPANY INFO&#8221; font_container=&#8221;tag:h3|text_align:left&#8221; el_class=&#8221;heading-title-2&#8243;][vc_column_text] LEGAL TITLE Elit Agro G\u0131da Sanayi ve Ticaret Anonim \u015eirketi Commercial Registration No. 56461 Headquarter address: G\u00fcvenevler Mah. 29014 Nolu Cad. No: 43\/A 27560 \u015eehitkamil \u2013 GAZ\u0130ANTEP \/ TURKEY Phone \/ Fax +90 342 321 14 14 (Pbx) Tax Office \u015eAH\u0130NBEY Tax ID 3321007991 Factory and [&hellip;]<\/p>\n","protected":false},"author":2,"featured_media":0,"parent":0,"menu_order":0,"comment_status":"closed","ping_status":"closed","template":"","meta":{"footnotes":""},"class_list":["post-74679","page","type-page","status-publish","hentry"],"_links":{"self":[{"href":"http:\/\/www.elitagro.com.tr\/en\/wp-json\/wp\/v2\/pages\/74679","targetHints":{"allow":["GET"]}}],"collection":[{"href":"http:\/\/www.elitagro.com.tr\/en\/wp-json\/wp\/v2\/pages"}],"about":[{"href":"http:\/\/www.elitagro.com.tr\/en\/wp-json\/wp\/v2\/types\/page"}],"author":[{"embeddable":true,"href":"http:\/\/www.elitagro.com.tr\/en\/wp-json\/wp\/v2\/users\/2"}],"replies":[{"embeddable":true,"href":"http:\/\/www.elitagro.com.tr\/en\/wp-json\/wp\/v2\/comments?post=74679"}],"version-history":[{"count":21,"href":"http:\/\/www.elitagro.com.tr\/en\/wp-json\/wp\/v2\/pages\/74679\/revisions"}],"predecessor-version":[{"id":75632,"href":"http:\/\/www.elitagro.com.tr\/en\/wp-json\/wp\/v2\/pages\/74679\/revisions\/75632"}],"wp:attachment":[{"href":"http:\/\/www.elitagro.com.tr\/en\/wp-json\/wp\/v2\/media?parent=74679"}],"curies":[{"name":"wp","href":"https:\/\/api.w.org\/{rel}","templated":true}]}}